{"id":696,"date":"2020-03-29T15:09:39","date_gmt":"2020-03-29T15:09:39","guid":{"rendered":"https:\/\/www.calvioli.com\/?page_id=696"},"modified":"2020-03-29T15:23:28","modified_gmt":"2020-03-29T15:23:28","slug":"sobre-nosaltres","status":"publish","type":"page","link":"https:\/\/www.calvioli.com\/index.php\/sobre-nosaltres\/","title":{"rendered":"SOBRE NOSALTRES"},"content":{"rendered":"\t\t<div data-elementor-type=\"wp-page\" data-elementor-id=\"696\" class=\"elementor elementor-696\" data-elementor-settings=\"[]\">\n\t\t\t<div class=\"elementor-inner\">\n\t\t\t\t<div class=\"elementor-section-wrap\">\n\t\t\t\t\t\t\t<section class=\"elementor-element elementor-element-083d2fc elementor-section-boxed elementor-section-height-default elementor-section-height-default elementor-section elementor-top-section\" data-id=\"083d2fc\" data-element_type=\"section\">\n\t\t\t\t\t\t<div class=\"elementor-container elementor-column-gap-default\">\n\t\t\t\t<div class=\"elementor-row\">\n\t\t\t\t<div class=\"elementor-element elementor-element-d7cf955 elementor-column elementor-col-100 elementor-top-column\" data-id=\"d7cf955\" data-element_type=\"column\">\n\t\t\t<div class=\"elementor-column-wrap  elementor-element-populated\">\n\t\t\t\t\t<div class=\"elementor-widget-wrap\">\n\t\t\t\t<div class=\"elementor-element elementor-element-abbfae0 elementor-widget elementor-widget-heading\" data-id=\"abbfae0\" data-element_type=\"widget\" data-widget_type=\"heading.default\">\n\t\t\t\t<div class=\"elementor-widget-container\">\n\t\t\t<h2 class=\"elementor-heading-title elementor-size-default\">SOBRE NOSALTRES...<\/h2>\t\t<\/div>\n\t\t\t\t<\/div>\n\t\t\t\t<div class=\"elementor-element elementor-element-0d09b60 elementor-widget elementor-widget-divider\" data-id=\"0d09b60\" data-element_type=\"widget\" data-widget_type=\"divider.default\">\n\t\t\t\t<div class=\"elementor-widget-container\">\n\t\t\t\t\t<div class=\"elementor-divider\">\n\t\t\t<span class=\"elementor-divider-separator\">\n\t\t\t\t\t\t<\/span>\n\t\t<\/div>\n\t\t\t\t<\/div>\n\t\t\t\t<\/div>\n\t\t\t\t<section class=\"elementor-element elementor-element-704142a elementor-section-boxed elementor-section-height-default elementor-section-height-default elementor-section elementor-inner-section\" data-id=\"704142a\" data-element_type=\"section\">\n\t\t\t\t\t\t<div class=\"elementor-container elementor-column-gap-default\">\n\t\t\t\t<div class=\"elementor-row\">\n\t\t\t\t<div class=\"elementor-element elementor-element-108b27d elementor-column elementor-col-50 elementor-inner-column\" data-id=\"108b27d\" data-element_type=\"column\">\n\t\t\t<div class=\"elementor-column-wrap  elementor-element-populated\">\n\t\t\t\t\t<div class=\"elementor-widget-wrap\">\n\t\t\t\t<div class=\"elementor-element elementor-element-d264d8e elementor-widget elementor-widget-image\" data-id=\"d264d8e\" data-element_type=\"widget\" data-widget_type=\"image.default\">\n\t\t\t\t<div class=\"elementor-widget-container\">\n\t\t\t\t\t<div class=\"elementor-image\">\n\t\t\t\t\t\t\t\t\t\t<img loading=\"lazy\" decoding=\"async\" width=\"1000\" height=\"1000\" src=\"https:\/\/www.calvioli.com\/wp-content\/uploads\/2020\/02\/productores.jpg\" class=\"attachment-large size-large\" alt=\"\" srcset=\"https:\/\/www.calvioli.com\/wp-content\/uploads\/2020\/02\/productores.jpg 1000w, https:\/\/www.calvioli.com\/wp-content\/uploads\/2020\/02\/productores-300x300.jpg 300w, https:\/\/www.calvioli.com\/wp-content\/uploads\/2020\/02\/productores-150x150.jpg 150w, https:\/\/www.calvioli.com\/wp-content\/uploads\/2020\/02\/productores-768x768.jpg 768w\" sizes=\"(max-width: 1000px) 100vw, 1000px\" \/>\t\t\t\t\t\t\t\t\t\t\t<\/div>\n\t\t\t\t<\/div>\n\t\t\t\t<\/div>\n\t\t\t\t\t\t<\/div>\n\t\t\t<\/div>\n\t\t<\/div>\n\t\t\t\t<div class=\"elementor-element elementor-element-eacecaf elementor-column elementor-col-50 elementor-inner-column\" data-id=\"eacecaf\" data-element_type=\"column\">\n\t\t\t<div class=\"elementor-column-wrap  elementor-element-populated\">\n\t\t\t\t\t<div class=\"elementor-widget-wrap\">\n\t\t\t\t<div class=\"elementor-element elementor-element-63a341e elementor-widget elementor-widget-text-editor\" data-id=\"63a341e\" data-element_type=\"widget\" data-widget_type=\"text-editor.default\">\n\t\t\t\t<div class=\"elementor-widget-container\">\n\t\t\t\t\t<div class=\"elementor-text-editor elementor-clearfix\"><p>Cal Viol\u00ed som una empresa familiar que generaci\u00f3 rere altra s&#8217;ha dedicat a l&#8217;ofici de pag\u00e8s, conreant les terres dels nostres avantpassats, adaptant-nos al pas del temps. Per aix\u00f2 actualment ofereix una \u00e0mplia gamma de productes que oscil\u00b7la des del cultiu d&#8217;oliveres centen\u00e0ries fins a les plantacions de fruiters.<\/p><p>Aquesta tasca es compagina amb la confecci\u00f3 i distribuci\u00f3 de fruita pr\u00f2pia a mercats centrals, fet que ens permet oferir un producte collit en el seu punt \u00f2ptim de maduraci\u00f3 i en el m\u00ednim espai de temps (1 dia) per tal que pugui ser a disposici\u00f3 del client, oferint aix\u00ed una fruita de qualitat amb tot el seu aroma i sabor \u201ccom acabades de collir\u201d.<\/p><p>D&#8217;en\u00e7\u00e0 l&#8217;any 2004, l&#8217;empresa familiar va apostar per la transformaci\u00f3 de la fruita fresca (I gamma) procedent \u00edntegrament de la pr\u00f2pia explotaci\u00f3, en aliments processats com s\u00f3n les melmelades i els sucs de fruita 100% naturals i artesans (II gamma). Amb la satisfacci\u00f3 de poder-vos fer arribar lo millor i el m\u00e9s natural d&#8217;aquesta terra a tots els clients.<\/p><\/div>\n\t\t\t\t<\/div>\n\t\t\t\t<\/div>\n\t\t\t\t\t\t<\/div>\n\t\t\t<\/div>\n\t\t<\/div>\n\t\t\t\t\t\t<\/div>\n\t\t\t<\/div>\n\t\t<\/section>\n\t\t\t\t\t\t<\/div>\n\t\t\t<\/div>\n\t\t<\/div>\n\t\t\t\t\t\t<\/div>\n\t\t\t<\/div>\n\t\t<\/section>\n\t\t\t\t\t\t<\/div>\n\t\t\t<\/div>\n\t\t<\/div>\n\t\t","protected":false},"excerpt":{"rendered":"<p>SOBRE NOSALTRES&#8230; Cal Viol\u00ed som una empresa familiar que generaci\u00f3 rere altra s&#8217;ha dedicat a l&#8217;ofici de pag\u00e8s, conreant les terres dels nostres avantpassats, adaptant-nos al pas del temps. Per aix\u00f2 actualment ofereix una \u00e0mplia gamma de productes que oscil\u00b7la des del cultiu d&#8217;oliveres centen\u00e0ries fins a les plantacions de fruiters. Aquesta tasca es compagina&hellip;&nbsp;<a href=\"https:\/\/www.calvioli.com\/index.php\/sobre-nosaltres\/\" class=\"\" rel=\"bookmark\">Leer m\u00e1s &raquo;<span class=\"screen-reader-text\">SOBRE NOSALTRES<\/span><\/a><\/p>\n","protected":false},"author":1,"featured_media":0,"parent":0,"menu_order":0,"comment_status":"closed","ping_status":"closed","template":"elementor_header_footer","meta":{"neve_meta_sidebar":"","neve_meta_container":"","neve_meta_enable_content_width":"","neve_meta_content_width":0,"neve_meta_title_alignment":"","neve_meta_author_avatar":"","neve_post_elements_order":"","neve_meta_disable_header":"","neve_meta_disable_footer":"","neve_meta_disable_title":"","footnotes":""},"yoast_head":"<!-- This site is optimized with the Yoast SEO plugin v14.1 - https:\/\/yoast.com\/wordpress\/plugins\/seo\/ -->\n<title>SOBRE NOSALTRES - Cal Violi<\/title>\n<meta name=\"robots\" content=\"index, follow\" \/>\n<meta name=\"googlebot\" content=\"index, follow, max-snippet:-1, max-image-preview:large, max-video-preview:-1\" \/>\n<meta name=\"bingbot\" content=\"index, follow, max-snippet:-1, max-image-preview:large, max-video-preview:-1\" \/>\n<link rel=\"canonical\" href=\"https:\/\/www.calvioli.com\/index.php\/sobre-nosaltres\/\" \/>\n<meta property=\"og:locale\" content=\"es_ES\" \/>\n<meta property=\"og:type\" content=\"article\" \/>\n<meta property=\"og:title\" content=\"SOBRE NOSALTRES - Cal Violi\" \/>\n<meta property=\"og:description\" content=\"SOBRE NOSALTRES&#8230; Cal Viol\u00ed som una empresa familiar que generaci\u00f3 rere altra s&#8217;ha dedicat a l&#8217;ofici de pag\u00e8s, conreant les terres dels nostres avantpassats, adaptant-nos al pas del temps. Per aix\u00f2 actualment ofereix una \u00e0mplia gamma de productes que oscil\u00b7la des del cultiu d&#8217;oliveres centen\u00e0ries fins a les plantacions de fruiters. Aquesta tasca es compagina&hellip;&nbsp;Leer m\u00e1s &raquo;SOBRE NOSALTRES\" \/>\n<meta property=\"og:url\" content=\"https:\/\/www.calvioli.com\/index.php\/sobre-nosaltres\/\" \/>\n<meta property=\"og:site_name\" content=\"Cal Violi\" \/>\n<meta property=\"article:modified_time\" content=\"2020-03-29T15:23:28+00:00\" \/>\n<meta property=\"og:image\" content=\"https:\/\/www.calvioli.com\/wp-content\/uploads\/2020\/02\/productores.jpg\" \/>\n<meta name=\"twitter:card\" content=\"summary_large_image\" \/>\n<script type=\"application\/ld+json\" class=\"yoast-schema-graph\">{\"@context\":\"https:\/\/schema.org\",\"@graph\":[{\"@type\":\"WebSite\",\"@id\":\"https:\/\/www.calvioli.com\/#website\",\"url\":\"https:\/\/www.calvioli.com\/\",\"name\":\"Cal Violi\",\"description\":\"Cal Violi\",\"potentialAction\":[{\"@type\":\"SearchAction\",\"target\":\"https:\/\/www.calvioli.com\/?s={search_term_string}\",\"query-input\":\"required name=search_term_string\"}],\"inLanguage\":\"es\"},{\"@type\":\"ImageObject\",\"@id\":\"https:\/\/www.calvioli.com\/index.php\/sobre-nosaltres\/#primaryimage\",\"inLanguage\":\"es\",\"url\":\"https:\/\/www.calvioli.com\/wp-content\/uploads\/2020\/02\/productores.jpg\",\"width\":1000,\"height\":1000},{\"@type\":\"WebPage\",\"@id\":\"https:\/\/www.calvioli.com\/index.php\/sobre-nosaltres\/#webpage\",\"url\":\"https:\/\/www.calvioli.com\/index.php\/sobre-nosaltres\/\",\"name\":\"SOBRE NOSALTRES - Cal Violi\",\"isPartOf\":{\"@id\":\"https:\/\/www.calvioli.com\/#website\"},\"primaryImageOfPage\":{\"@id\":\"https:\/\/www.calvioli.com\/index.php\/sobre-nosaltres\/#primaryimage\"},\"datePublished\":\"2020-03-29T15:09:39+00:00\",\"dateModified\":\"2020-03-29T15:23:28+00:00\",\"inLanguage\":\"es\",\"potentialAction\":[{\"@type\":\"ReadAction\",\"target\":[\"https:\/\/www.calvioli.com\/index.php\/sobre-nosaltres\/\"]}]}]}<\/script>\n<!-- \/ Yoast SEO plugin. -->","_links":{"self":[{"href":"https:\/\/www.calvioli.com\/index.php\/wp-json\/wp\/v2\/pages\/696"}],"collection":[{"href":"https:\/\/www.calvioli.com\/index.php\/wp-json\/wp\/v2\/pages"}],"about":[{"href":"https:\/\/www.calvioli.com\/index.php\/wp-json\/wp\/v2\/types\/page"}],"author":[{"embeddable":true,"href":"https:\/\/www.calvioli.com\/index.php\/wp-json\/wp\/v2\/users\/1"}],"replies":[{"embeddable":true,"href":"https:\/\/www.calvioli.com\/index.php\/wp-json\/wp\/v2\/comments?post=696"}],"version-history":[{"count":10,"href":"https:\/\/www.calvioli.com\/index.php\/wp-json\/wp\/v2\/pages\/696\/revisions"}],"predecessor-version":[{"id":708,"href":"https:\/\/www.calvioli.com\/index.php\/wp-json\/wp\/v2\/pages\/696\/revisions\/708"}],"wp:attachment":[{"href":"https:\/\/www.calvioli.com\/index.php\/wp-json\/wp\/v2\/media?parent=696"}],"curies":[{"name":"wp","href":"https:\/\/api.w.org\/{rel}","templated":true}]}}